{"id":112,"date":"2018-12-31T18:42:56","date_gmt":"2018-12-31T18:42:56","guid":{"rendered":"http:\/\/themes.thememasters.club\/exqute\/?page_id=112"},"modified":"2025-03-02T14:34:30","modified_gmt":"2025-03-02T11:34:30","slug":"blog-2","status":"publish","type":"page","link":"https:\/\/samanlihaliyikama.com\/index.php\/blog-2\/","title":{"rendered":"Son Blog Yaz\u0131lar\u0131"},"content":{"rendered":"","protected":false},"excerpt":{"rendered":"","protected":false},"author":1,"featured_media":0,"parent":0,"menu_order":0,"comment_status":"closed","ping_status":"closed","template":"blog_template_2.php","meta":{"footnotes":""},"class_list":["post-112","page","type-page","status-publish","hentry"],"yoast_head":"<!-- This site is optimized with the Yoast SEO plugin v24.6 - https:\/\/yoast.com\/wordpress\/plugins\/seo\/ -->\n<title>Son Blog Yaz\u0131lar\u0131 - Samanl\u0131 Hal\u0131 Y\u0131kama Malatya<\/title>\n<meta name=\"robots\" content=\"index, follow, max-snippet:-1, max-image-preview:large, max-video-preview:-1\" \/>\n<link rel=\"canonical\" href=\"https:\/\/www.malatyatrendhaliyikama.com\/index.php\/blog-2\/\" \/>\n<meta property=\"og:locale\" content=\"tr_TR\" \/>\n<meta property=\"og:type\" content=\"article\" \/>\n<meta property=\"og:title\" content=\"Son Blog Yaz\u0131lar\u0131 - Samanl\u0131 Hal\u0131 Y\u0131kama Malatya\" \/>\n<meta property=\"og:url\" content=\"https:\/\/www.malatyatrendhaliyikama.com\/index.php\/blog-2\/\" \/>\n<meta property=\"og:site_name\" content=\"Samanl\u0131 Hal\u0131 Y\u0131kama Malatya\" \/>\n<meta property=\"article:modified_time\" content=\"2025-03-02T11:34:30+00:00\" \/>\n<meta name=\"twitter:card\" content=\"summary_large_image\" \/>\n<script type=\"application\/ld+json\" class=\"yoast-schema-graph\">{\"@context\":\"https:\/\/schema.org\",\"@graph\":[{\"@type\":\"WebPage\",\"@id\":\"https:\/\/www.malatyatrendhaliyikama.com\/index.php\/blog-2\/\",\"url\":\"https:\/\/www.malatyatrendhaliyikama.com\/index.php\/blog-2\/\",\"name\":\"Son Blog Yaz\u0131lar\u0131 - Samanl\u0131 Hal\u0131 Y\u0131kama Malatya\",\"isPartOf\":{\"@id\":\"https:\/\/samanlihaliyikama.com\/#website\"},\"datePublished\":\"2018-12-31T18:42:56+00:00\",\"dateModified\":\"2025-03-02T11:34:30+00:00\",\"breadcrumb\":{\"@id\":\"https:\/\/www.malatyatrendhaliyikama.com\/index.php\/blog-2\/#breadcrumb\"},\"inLanguage\":\"tr\",\"potentialAction\":[{\"@type\":\"ReadAction\",\"target\":[\"https:\/\/www.malatyatrendhaliyikama.com\/index.php\/blog-2\/\"]}]},{\"@type\":\"BreadcrumbList\",\"@id\":\"https:\/\/www.malatyatrendhaliyikama.com\/index.php\/blog-2\/#breadcrumb\",\"itemListElement\":[{\"@type\":\"ListItem\",\"position\":1,\"name\":\"Anasayfa\",\"item\":\"https:\/\/samanlihaliyikama.com\/\"},{\"@type\":\"ListItem\",\"position\":2,\"name\":\"Son Blog Yaz\u0131lar\u0131\"}]},{\"@type\":\"WebSite\",\"@id\":\"https:\/\/samanlihaliyikama.com\/#website\",\"url\":\"https:\/\/samanlihaliyikama.com\/\",\"name\":\"Trend Hal\u0131 Y\u0131kama-Malatya Hal\u0131 ve Koltuk Y\u0131kama\",\"description\":\"Samanl\u0131 Hal\u0131 Y\u0131kama Malatya\",\"publisher\":{\"@id\":\"https:\/\/samanlihaliyikama.com\/#organization\"},\"potentialAction\":[{\"@type\":\"SearchAction\",\"target\":{\"@type\":\"EntryPoint\",\"urlTemplate\":\"https:\/\/samanlihaliyikama.com\/?s={search_term_string}\"},\"query-input\":{\"@type\":\"PropertyValueSpecification\",\"valueRequired\":true,\"valueName\":\"search_term_string\"}}],\"inLanguage\":\"tr\"},{\"@type\":\"Organization\",\"@id\":\"https:\/\/samanlihaliyikama.com\/#organization\",\"name\":\"Trend Hal\u0131 Y\u0131kama\",\"url\":\"https:\/\/samanlihaliyikama.com\/\",\"logo\":{\"@type\":\"ImageObject\",\"inLanguage\":\"tr\",\"@id\":\"https:\/\/samanlihaliyikama.com\/#\/schema\/logo\/image\/\",\"url\":\"https:\/\/samanlihaliyikama.com\/wp-content\/uploads\/2025\/07\/cropped-WhatsApp_Gorsel_2025-07-14_saat_10.03.33_61f450b3-removebg-preview-1.png\",\"contentUrl\":\"https:\/\/samanlihaliyikama.com\/wp-content\/uploads\/2025\/07\/cropped-WhatsApp_Gorsel_2025-07-14_saat_10.03.33_61f450b3-removebg-preview-1.png\",\"width\":423,\"height\":141,\"caption\":\"Trend Hal\u0131 Y\u0131kama\"},\"image\":{\"@id\":\"https:\/\/samanlihaliyikama.com\/#\/schema\/logo\/image\/\"}}]}<\/script>\n<!-- \/ Yoast SEO plugin. -->","yoast_head_json":{"title":"Son Blog Yaz\u0131lar\u0131 - Samanl\u0131 Hal\u0131 Y\u0131kama Malatya","robots":{"index":"index","follow":"follow","max-snippet":"max-snippet:-1","max-image-preview":"max-image-preview:large","max-video-preview":"max-video-preview:-1"},"canonical":"https:\/\/www.malatyatrendhaliyikama.com\/index.php\/blog-2\/","og_locale":"tr_TR","og_type":"article","og_title":"Son Blog Yaz\u0131lar\u0131 - Samanl\u0131 Hal\u0131 Y\u0131kama Malatya","og_url":"https:\/\/www.malatyatrendhaliyikama.com\/index.php\/blog-2\/","og_site_name":"Samanl\u0131 Hal\u0131 Y\u0131kama Malatya","article_modified_time":"2025-03-02T11:34:30+00:00","twitter_card":"summary_large_image","schema":{"@context":"https:\/\/schema.org","@graph":[{"@type":"WebPage","@id":"https:\/\/www.malatyatrendhaliyikama.com\/index.php\/blog-2\/","url":"https:\/\/www.malatyatrendhaliyikama.com\/index.php\/blog-2\/","name":"Son Blog Yaz\u0131lar\u0131 - Samanl\u0131 Hal\u0131 Y\u0131kama Malatya","isPartOf":{"@id":"https:\/\/samanlihaliyikama.com\/#website"},"datePublished":"2018-12-31T18:42:56+00:00","dateModified":"2025-03-02T11:34:30+00:00","breadcrumb":{"@id":"https:\/\/www.malatyatrendhaliyikama.com\/index.php\/blog-2\/#breadcrumb"},"inLanguage":"tr","potentialAction":[{"@type":"ReadAction","target":["https:\/\/www.malatyatrendhaliyikama.com\/index.php\/blog-2\/"]}]},{"@type":"BreadcrumbList","@id":"https:\/\/www.malatyatrendhaliyikama.com\/index.php\/blog-2\/#breadcrumb","itemListElement":[{"@type":"ListItem","position":1,"name":"Anasayfa","item":"https:\/\/samanlihaliyikama.com\/"},{"@type":"ListItem","position":2,"name":"Son Blog Yaz\u0131lar\u0131"}]},{"@type":"WebSite","@id":"https:\/\/samanlihaliyikama.com\/#website","url":"https:\/\/samanlihaliyikama.com\/","name":"Trend Hal\u0131 Y\u0131kama-Malatya Hal\u0131 ve Koltuk Y\u0131kama","description":"Samanl\u0131 Hal\u0131 Y\u0131kama Malatya","publisher":{"@id":"https:\/\/samanlihaliyikama.com\/#organization"},"potentialAction":[{"@type":"SearchAction","target":{"@type":"EntryPoint","urlTemplate":"https:\/\/samanlihaliyikama.com\/?s={search_term_string}"},"query-input":{"@type":"PropertyValueSpecification","valueRequired":true,"valueName":"search_term_string"}}],"inLanguage":"tr"},{"@type":"Organization","@id":"https:\/\/samanlihaliyikama.com\/#organization","name":"Trend Hal\u0131 Y\u0131kama","url":"https:\/\/samanlihaliyikama.com\/","logo":{"@type":"ImageObject","inLanguage":"tr","@id":"https:\/\/samanlihaliyikama.com\/#\/schema\/logo\/image\/","url":"https:\/\/samanlihaliyikama.com\/wp-content\/uploads\/2025\/07\/cropped-WhatsApp_Gorsel_2025-07-14_saat_10.03.33_61f450b3-removebg-preview-1.png","contentUrl":"https:\/\/samanlihaliyikama.com\/wp-content\/uploads\/2025\/07\/cropped-WhatsApp_Gorsel_2025-07-14_saat_10.03.33_61f450b3-removebg-preview-1.png","width":423,"height":141,"caption":"Trend Hal\u0131 Y\u0131kama"},"image":{"@id":"https:\/\/samanlihaliyikama.com\/#\/schema\/logo\/image\/"}}]}},"_links":{"self":[{"href":"https:\/\/samanlihaliyikama.com\/index.php\/wp-json\/wp\/v2\/pages\/112","targetHints":{"allow":["GET"]}}],"collection":[{"href":"https:\/\/samanlihaliyikama.com\/index.php\/wp-json\/wp\/v2\/pages"}],"about":[{"href":"https:\/\/samanlihaliyikama.com\/index.php\/wp-json\/wp\/v2\/types\/page"}],"author":[{"embeddable":true,"href":"https:\/\/samanlihaliyikama.com\/index.php\/wp-json\/wp\/v2\/users\/1"}],"replies":[{"embeddable":true,"href":"https:\/\/samanlihaliyikama.com\/index.php\/wp-json\/wp\/v2\/comments?post=112"}],"version-history":[{"count":0,"href":"https:\/\/samanlihaliyikama.com\/index.php\/wp-json\/wp\/v2\/pages\/112\/revisions"}],"wp:attachment":[{"href":"https:\/\/samanlihaliyikama.com\/index.php\/wp-json\/wp\/v2\/media?parent=112"}],"curies":[{"name":"wp","href":"https:\/\/api.w.org\/{rel}","templated":true}]}}