{"id":307,"date":"2019-01-06T14:05:36","date_gmt":"2019-01-06T14:05:36","guid":{"rendered":"http:\/\/themes.thememasters.club\/exqute\/?page_id=307"},"modified":"2025-07-14T10:09:23","modified_gmt":"2025-07-14T07:09:23","slug":"hakkimizda","status":"publish","type":"page","link":"https:\/\/samanlihaliyikama.com\/index.php\/hakkimizda\/","title":{"rendered":"Hakk\u0131mz\u0131da"},"content":{"rendered":"\t\t<div data-elementor-type=\"wp-post\" data-elementor-id=\"307\" class=\"elementor elementor-307\">\n\t\t\t\t\t\t<section class=\"elementor-section elementor-top-section elementor-element elementor-element-8f2d0e5 elementor-section-content-middle elementor-section-boxed elementor-section-height-default elementor-section-height-default\" data-id=\"8f2d0e5\" data-element_type=\"section\">\n\t\t\t\t\t\t<div class=\"elementor-container elementor-column-gap-no\">\n\t\t\t\t\t<div class=\"elementor-column elementor-col-50 elementor-top-column elementor-element elementor-element-f4a8032\" data-id=\"f4a8032\" data-element_type=\"column\">\n\t\t\t<div class=\"elementor-widget-wrap elementor-element-populated\">\n\t\t\t\t\t\t<div class=\"elementor-element elementor-element-5257e16 elementor-widget elementor-widget-heading\" data-id=\"5257e16\" data-element_type=\"widget\" data-widget_type=\"heading.default\">\n\t\t\t\t<div class=\"elementor-widget-container\">\n\t\t\t\t\t<p class=\"elementor-heading-title elementor-size-default\">Bizim Hakk\u0131m\u0131zda<\/p>\t\t\t\t<\/div>\n\t\t\t\t<\/div>\n\t\t\t\t<div class=\"elementor-element elementor-element-e4b31ee elementor-widget elementor-widget-heading\" data-id=\"e4b31ee\" data-element_type=\"widget\" data-widget_type=\"heading.default\">\n\t\t\t\t<div class=\"elementor-widget-container\">\n\t\t\t\t\t<h1 class=\"elementor-heading-title elementor-size-default\">Hakk\u0131m\u0131zda<\/h1>\t\t\t\t<\/div>\n\t\t\t\t<\/div>\n\t\t\t\t<div class=\"elementor-element elementor-element-dc2333e elementor-widget elementor-widget-text-editor\" data-id=\"dc2333e\" data-element_type=\"widget\" data-widget_type=\"text-editor.default\">\n\t\t\t\t<div class=\"elementor-widget-container\">\n\t\t\t\t\t\t\t\t\t<p><span class=\"elementor-drop-cap\"><span class=\"elementor-drop-cap-letter\">T<\/span><\/span>emizlikte kalite ve m\u00fc\u015fteri memnuniyetini \u00f6n planda tutarak \u00e7\u0131kt\u0131\u011f\u0131m\u0131z bu yolda,\u00a0<strong data-start=\"284\" data-end=\"343\">Malatya\u2019da hal\u0131, koltuk ve stor perde y\u0131kama hizmetleri<\/strong>\u00a0ile hijyenin adresi olmay\u0131 ba\u015fard\u0131k. Kuruldu\u011fumuz g\u00fcnden bu yana edindi\u011fimiz tecr\u00fcbe ve m\u00fc\u015fteri odakl\u0131 \u00e7al\u0131\u015fma anlay\u0131\u015f\u0131m\u0131zla, her ge\u00e7en g\u00fcn daha fazla eve temizlik ve ferahl\u0131k kat\u0131yoruz. Geli\u015fmi\u015f temizlik makinelerimiz, insan sa\u011fl\u0131\u011f\u0131na zarars\u0131z \u00f6zel temizlik \u00fcr\u00fcnlerimiz ve g\u00fcler y\u00fczl\u00fc ekibimizle; hal\u0131lar\u0131n\u0131z\u0131, koltuklar\u0131n\u0131z\u0131 ve perdelerinizi ilk g\u00fcnk\u00fc temizli\u011fine kavu\u015fturuyoruz. Her \u00fcr\u00fcn\u00fcn kuma\u015f yap\u0131s\u0131na ve \u00f6zelliklerine g\u00f6re \u00f6zel uygulamalar yaparak, e\u015fyalar\u0131n\u0131za zarar vermeden derinlemesine temizlik sa\u011fl\u0131yoruz.<\/p>\t\t\t\t\t\t\t\t<\/div>\n\t\t\t\t<\/div>\n\t\t\t\t\t<\/div>\n\t\t<\/div>\n\t\t\t\t<div class=\"elementor-column elementor-col-50 elementor-top-column elementor-element elementor-element-d533097\" data-id=\"d533097\" data-element_type=\"column\" data-settings=\"{&quot;background_background&quot;:&quot;classic&quot;}\">\n\t\t\t<div class=\"elementor-widget-wrap elementor-element-populated\">\n\t\t\t\t\t\t\t<\/div>\n\t\t<\/div>\n\t\t\t\t\t<\/div>\n\t\t<\/section>\n\t\t\t\t<section class=\"elementor-section elementor-top-section elementor-element elementor-element-2fc0cb8 elementor-section-stretched elementor-section-boxed elementor-section-height-default elementor-section-height-default\" data-id=\"2fc0cb8\" data-element_type=\"section\" data-settings=\"{&quot;background_background&quot;:&quot;classic&quot;,&quot;stretch_section&quot;:&quot;section-stretched&quot;}\">\n\t\t\t\t\t\t<div class=\"elementor-container elementor-column-gap-no\">\n\t\t\t\t\t<div class=\"elementor-column elementor-col-25 elementor-top-column elementor-element elementor-element-8780813\" data-id=\"8780813\" data-element_type=\"column\" data-settings=\"{&quot;background_background&quot;:&quot;classic&quot;}\">\n\t\t\t<div class=\"elementor-widget-wrap elementor-element-populated\">\n\t\t\t\t\t\t<div class=\"elementor-element elementor-element-98c7423 elementor-widget elementor-widget-counter\" data-id=\"98c7423\" data-element_type=\"widget\" data-widget_type=\"counter.default\">\n\t\t\t\t<div class=\"elementor-widget-container\">\n\t\t\t\t\t\t\t<div class=\"elementor-counter\">\n\t\t\t<div class=\"elementor-counter-title\">Y\u0131kanan Hal\u0131<\/div>\t\t\t<div class=\"elementor-counter-number-wrapper\">\n\t\t\t\t<span class=\"elementor-counter-number-prefix\"><\/span>\n\t\t\t\t<span class=\"elementor-counter-number\" data-duration=\"1000\" data-to-value=\"10000\" data-from-value=\"0\" data-delimiter=\",\">0<\/span>\n\t\t\t\t<span class=\"elementor-counter-number-suffix\"><\/span>\n\t\t\t<\/div>\n\t\t<\/div>\n\t\t\t\t\t\t<\/div>\n\t\t\t\t<\/div>\n\t\t\t\t\t<\/div>\n\t\t<\/div>\n\t\t\t\t<div class=\"elementor-column elementor-col-25 elementor-top-column elementor-element elementor-element-a77f6de\" data-id=\"a77f6de\" data-element_type=\"column\" data-settings=\"{&quot;background_background&quot;:&quot;classic&quot;}\">\n\t\t\t<div class=\"elementor-widget-wrap elementor-element-populated\">\n\t\t\t\t\t\t<div class=\"elementor-element elementor-element-31d8faf elementor-widget elementor-widget-counter\" data-id=\"31d8faf\" data-element_type=\"widget\" data-widget_type=\"counter.default\">\n\t\t\t\t<div class=\"elementor-widget-container\">\n\t\t\t\t\t\t\t<div class=\"elementor-counter\">\n\t\t\t<div class=\"elementor-counter-title\">Y\u0131kanan Koltuk<\/div>\t\t\t<div class=\"elementor-counter-number-wrapper\">\n\t\t\t\t<span class=\"elementor-counter-number-prefix\"><\/span>\n\t\t\t\t<span class=\"elementor-counter-number\" data-duration=\"2000\" data-to-value=\"5000\" data-from-value=\"0\" data-delimiter=\",\">0<\/span>\n\t\t\t\t<span class=\"elementor-counter-number-suffix\"><\/span>\n\t\t\t<\/div>\n\t\t<\/div>\n\t\t\t\t\t\t<\/div>\n\t\t\t\t<\/div>\n\t\t\t\t\t<\/div>\n\t\t<\/div>\n\t\t\t\t<div class=\"elementor-column elementor-col-25 elementor-top-column elementor-element elementor-element-93c4be5\" data-id=\"93c4be5\" data-element_type=\"column\" data-settings=\"{&quot;background_background&quot;:&quot;classic&quot;}\">\n\t\t\t<div class=\"elementor-widget-wrap elementor-element-populated\">\n\t\t\t\t\t\t<div class=\"elementor-element elementor-element-e9c790f elementor-widget elementor-widget-counter\" data-id=\"e9c790f\" data-element_type=\"widget\" data-widget_type=\"counter.default\">\n\t\t\t\t<div class=\"elementor-widget-container\">\n\t\t\t\t\t\t\t<div class=\"elementor-counter\">\n\t\t\t<div class=\"elementor-counter-title\">Y\u0131kanan Perde<\/div>\t\t\t<div class=\"elementor-counter-number-wrapper\">\n\t\t\t\t<span class=\"elementor-counter-number-prefix\"><\/span>\n\t\t\t\t<span class=\"elementor-counter-number\" data-duration=\"2000\" data-to-value=\"3000\" data-from-value=\"0\" data-delimiter=\",\">0<\/span>\n\t\t\t\t<span class=\"elementor-counter-number-suffix\"><\/span>\n\t\t\t<\/div>\n\t\t<\/div>\n\t\t\t\t\t\t<\/div>\n\t\t\t\t<\/div>\n\t\t\t\t\t<\/div>\n\t\t<\/div>\n\t\t\t\t<div class=\"elementor-column elementor-col-25 elementor-top-column elementor-element elementor-element-9eefce0\" data-id=\"9eefce0\" data-element_type=\"column\" data-settings=\"{&quot;background_background&quot;:&quot;classic&quot;}\">\n\t\t\t<div class=\"elementor-widget-wrap elementor-element-populated\">\n\t\t\t\t\t\t<div class=\"elementor-element elementor-element-3540e7a elementor-widget elementor-widget-counter\" data-id=\"3540e7a\" data-element_type=\"widget\" data-widget_type=\"counter.default\">\n\t\t\t\t<div class=\"elementor-widget-container\">\n\t\t\t\t\t\t\t<div class=\"elementor-counter\">\n\t\t\t<div class=\"elementor-counter-title\">Mutlu M\u00fc\u015fteri<\/div>\t\t\t<div class=\"elementor-counter-number-wrapper\">\n\t\t\t\t<span class=\"elementor-counter-number-prefix\"><\/span>\n\t\t\t\t<span class=\"elementor-counter-number\" data-duration=\"1000\" data-to-value=\"50000\" data-from-value=\"0\" data-delimiter=\",\">0<\/span>\n\t\t\t\t<span class=\"elementor-counter-number-suffix\"><\/span>\n\t\t\t<\/div>\n\t\t<\/div>\n\t\t\t\t\t\t<\/div>\n\t\t\t\t<\/div>\n\t\t\t\t\t<\/div>\n\t\t<\/div>\n\t\t\t\t\t<\/div>\n\t\t<\/section>\n\t\t\t\t<section class=\"elementor-section elementor-top-section elementor-element elementor-element-5c40586a elementor-section-content-top elementor-section-stretched elementor-section-boxed elementor-section-height-default elementor-section-height-default\" data-id=\"5c40586a\" data-element_type=\"section\" data-settings=\"{&quot;background_background&quot;:&quot;classic&quot;,&quot;stretch_section&quot;:&quot;section-stretched&quot;,&quot;shape_divider_top&quot;:&quot;waves&quot;,&quot;shape_divider_bottom&quot;:&quot;waves&quot;}\">\n\t\t\t\t\t<div class=\"elementor-shape elementor-shape-top\" data-negative=\"false\">\n\t\t\t<svg xmlns=\"http:\/\/www.w3.org\/2000\/svg\" viewBox=\"0 0 1000 100\" preserveAspectRatio=\"none\">\n\t<path class=\"elementor-shape-fill\" d=\"M421.9,6.5c22.6-2.5,51.5,0.4,75.5,5.3c23.6,4.9,70.9,23.5,100.5,35.7c75.8,32.2,133.7,44.5,192.6,49.7\n\tc23.6,2.1,48.7,3.5,103.4-2.5c54.7-6,106.2-25.6,106.2-25.6V0H0v30.3c0,0,72,32.6,158.4,30.5c39.2-0.7,92.8-6.7,134-22.4\n\tc21.2-8.1,52.2-18.2,79.7-24.2C399.3,7.9,411.6,7.5,421.9,6.5z\"\/>\n<\/svg>\t\t<\/div>\n\t\t\t\t<div class=\"elementor-shape elementor-shape-bottom\" data-negative=\"false\">\n\t\t\t<svg xmlns=\"http:\/\/www.w3.org\/2000\/svg\" viewBox=\"0 0 1000 100\" preserveAspectRatio=\"none\">\n\t<path class=\"elementor-shape-fill\" d=\"M421.9,6.5c22.6-2.5,51.5,0.4,75.5,5.3c23.6,4.9,70.9,23.5,100.5,35.7c75.8,32.2,133.7,44.5,192.6,49.7\n\tc23.6,2.1,48.7,3.5,103.4-2.5c54.7-6,106.2-25.6,106.2-25.6V0H0v30.3c0,0,72,32.6,158.4,30.5c39.2-0.7,92.8-6.7,134-22.4\n\tc21.2-8.1,52.2-18.2,79.7-24.2C399.3,7.9,411.6,7.5,421.9,6.5z\"\/>\n<\/svg>\t\t<\/div>\n\t\t\t\t\t<div class=\"elementor-container elementor-column-gap-no\">\n\t\t\t\t\t<div class=\"elementor-column elementor-col-100 elementor-top-column elementor-element elementor-element-6bfa6dbe\" data-id=\"6bfa6dbe\" data-element_type=\"column\">\n\t\t\t<div class=\"elementor-widget-wrap elementor-element-populated\">\n\t\t\t\t\t\t<div class=\"elementor-element elementor-element-4578fab1 elementor-widget elementor-widget-heading\" data-id=\"4578fab1\" data-element_type=\"widget\" data-widget_type=\"heading.default\">\n\t\t\t\t<div class=\"elementor-widget-container\">\n\t\t\t\t\t<h1 class=\"elementor-heading-title elementor-size-default\">Y\u0131kama Ad\u0131mlar\u0131<\/h1>\t\t\t\t<\/div>\n\t\t\t\t<\/div>\n\t\t\t\t<section class=\"elementor-section elementor-inner-section elementor-element elementor-element-5da2515e elementor-section-content-top elementor-section-boxed elementor-section-height-default elementor-section-height-default\" data-id=\"5da2515e\" data-element_type=\"section\">\n\t\t\t\t\t\t<div class=\"elementor-container elementor-column-gap-no\">\n\t\t\t\t\t<div class=\"elementor-column elementor-col-50 elementor-inner-column elementor-element elementor-element-1f6a6210\" data-id=\"1f6a6210\" data-element_type=\"column\">\n\t\t\t<div class=\"elementor-widget-wrap elementor-element-populated\">\n\t\t\t\t\t\t<div class=\"elementor-element elementor-element-146fc6c6 elementor-widget elementor-widget-exqute-image-list\" data-id=\"146fc6c6\" data-element_type=\"widget\" data-widget_type=\"exqute-image-list.default\">\n\t\t\t\t<div class=\"elementor-widget-container\">\n\t\t\t\t\t                <div class=\"exqute-image-list-wrapper exqute-image-wrapper-right\">\n            <div class=\"exqute-image-list-left\">\n                <img decoding=\"async\" width=\"150\" height=\"141\" src=\"https:\/\/samanlihaliyikama.com\/wp-content\/uploads\/2025\/07\/WhatsApp_Gorsel_2025-07-14_saat_10.03.33_61f450b3-removebg-preview-150x141.png\" class=\"attachment-thumbnail size-thumbnail\" alt=\"\" \/>            <\/div>\n            <div class=\"exqute-image-list-right\">\n                <h3>1. S\u00fcp\u00fcrme<\/h3>\n                <p>Koltuklar\u0131n\u0131z en ba\u015fta emi\u015f g\u00fcc\u00fc y\u00fcksek s\u00fcp\u00fcrme makinelerimizle tozlardan ve kirlerden ar\u0131nd\u0131r\u0131l\u0131r.<\/p>\n            <\/div>\n        <\/div>\n                    <div class=\"exqute-image-list-wrapper exqute-image-wrapper-right\">\n            <div class=\"exqute-image-list-left\">\n                <img decoding=\"async\" width=\"150\" height=\"141\" src=\"https:\/\/samanlihaliyikama.com\/wp-content\/uploads\/2025\/07\/WhatsApp_Gorsel_2025-07-14_saat_10.03.33_61f450b3-removebg-preview-150x141.png\" class=\"attachment-thumbnail size-thumbnail\" alt=\"\" \/>            <\/div>\n            <div class=\"exqute-image-list-right\">\n                <h3>3. F\u0131r\u00e7alama<\/h3>\n                <p>Y\u0131kama i\u015flemine ge\u00e7meden \u00f6nce belirgin bir leke ve kir bulunan k\u0131s\u0131mlar leke s\u00f6k\u00fcc\u00fc f\u0131r\u00e7alarla kuma\u015fa zarar vermeden ar\u0131nd\u0131r\u0131l\u0131r.\n\n<\/p>\n            <\/div>\n        <\/div>\n            \t\t\t\t<\/div>\n\t\t\t\t<\/div>\n\t\t\t\t\t<\/div>\n\t\t<\/div>\n\t\t\t\t<div class=\"elementor-column elementor-col-50 elementor-inner-column elementor-element elementor-element-7a3969d3\" data-id=\"7a3969d3\" data-element_type=\"column\">\n\t\t\t<div class=\"elementor-widget-wrap elementor-element-populated\">\n\t\t\t\t\t\t<div class=\"elementor-element elementor-element-3bcc2bfd elementor-widget elementor-widget-exqute-image-list\" data-id=\"3bcc2bfd\" data-element_type=\"widget\" data-widget_type=\"exqute-image-list.default\">\n\t\t\t\t<div class=\"elementor-widget-container\">\n\t\t\t\t\t                <div class=\"exqute-image-list-wrapper exqute-image-wrapper-left\">\n            <div class=\"exqute-image-list-left\">\n                <img decoding=\"async\" width=\"150\" height=\"141\" src=\"https:\/\/samanlihaliyikama.com\/wp-content\/uploads\/2025\/07\/WhatsApp_Gorsel_2025-07-14_saat_10.03.33_61f450b3-removebg-preview-150x141.png\" class=\"attachment-thumbnail size-thumbnail\" alt=\"\" \/>            <\/div>\n            <div class=\"exqute-image-list-right\">\n                <h3>2. Islatma<\/h3>\n                <p>Deterjan kar\u0131\u015f\u0131m\u0131n\u0131 makineye yerle\u015ftirdikten sonra p\u00fcsk\u00fcrtme arac\u0131m\u0131zla koltuklar\u0131n\u0131z\u0131n kuma\u015flar\u0131n\u0131n \u0131slanmas\u0131 sa\u011flan\u0131r.\n\n<\/p>\n            <\/div>\n        <\/div>\n                    <div class=\"exqute-image-list-wrapper exqute-image-wrapper-left\">\n            <div class=\"exqute-image-list-left\">\n                <img decoding=\"async\" width=\"150\" height=\"141\" src=\"https:\/\/samanlihaliyikama.com\/wp-content\/uploads\/2025\/07\/WhatsApp_Gorsel_2025-07-14_saat_10.03.33_61f450b3-removebg-preview-150x141.png\" class=\"attachment-thumbnail size-thumbnail\" alt=\"\" \/>            <\/div>\n            <div class=\"exqute-image-list-right\">\n                <h3>4. Vakumlama<\/h3>\n                <p>Vakumlama i\u015flemi ile, \u0131slat\u0131lan koltuklar %95 oran\u0131nda kurutulur. Vakumlama sayesinde koltuklar herhangi bir leke vs. kalmaz.\n\n<\/p>\n            <\/div>\n        <\/div>\n            \t\t\t\t<\/div>\n\t\t\t\t<\/div>\n\t\t\t\t\t<\/div>\n\t\t<\/div>\n\t\t\t\t\t<\/div>\n\t\t<\/section>\n\t\t\t\t\t<\/div>\n\t\t<\/div>\n\t\t\t\t\t<\/div>\n\t\t<\/section>\n\t\t\t\t<\/div>\n\t\t","protected":false},"excerpt":{"rendered":"<p>Bizim Hakk\u0131m\u0131zda Hakk\u0131m\u0131zda Temizlikte kalite ve m\u00fc\u015fteri memnuniyetini \u00f6n planda tutarak \u00e7\u0131kt\u0131\u011f\u0131m\u0131z bu yolda,\u00a0Malatya\u2019da hal\u0131, koltuk ve stor perde y\u0131kama hizmetleri\u00a0ile hijyenin adresi olmay\u0131 ba\u015fard\u0131k. Kuruldu\u011fumuz g\u00fcnden bu yana edindi\u011fimiz tecr\u00fcbe ve m\u00fc\u015fteri odakl\u0131 \u00e7al\u0131\u015fma anlay\u0131\u015f\u0131m\u0131zla, her ge\u00e7en g\u00fcn daha fazla eve temizlik ve ferahl\u0131k kat\u0131yoruz. Geli\u015fmi\u015f temizlik makinelerimiz, insan sa\u011fl\u0131\u011f\u0131na zarars\u0131z \u00f6zel temizlik \u00fcr\u00fcnlerimiz&#8230;<\/p>\n","protected":false},"author":1,"featured_media":0,"parent":0,"menu_order":0,"comment_status":"closed","ping_status":"closed","template":"","meta":{"footnotes":""},"class_list":["post-307","page","type-page","status-publish","hentry"],"yoast_head":"<!-- This site is optimized with the Yoast SEO plugin v24.6 - https:\/\/yoast.com\/wordpress\/plugins\/seo\/ -->\n<title>Hakk\u0131mz\u0131da - Samanl\u0131 Hal\u0131 Y\u0131kama Malatya<\/title>\n<meta name=\"robots\" content=\"index, follow, max-snippet:-1, max-image-preview:large, max-video-preview:-1\" \/>\n<link rel=\"canonical\" href=\"https:\/\/samanlihaliyikama.com\/index.php\/hakkimizda\/\" \/>\n<meta property=\"og:locale\" content=\"tr_TR\" \/>\n<meta property=\"og:type\" content=\"article\" \/>\n<meta property=\"og:title\" content=\"Hakk\u0131mz\u0131da - Samanl\u0131 Hal\u0131 Y\u0131kama Malatya\" \/>\n<meta property=\"og:description\" content=\"Bizim Hakk\u0131m\u0131zda Hakk\u0131m\u0131zda Temizlikte kalite ve m\u00fc\u015fteri memnuniyetini \u00f6n planda tutarak \u00e7\u0131kt\u0131\u011f\u0131m\u0131z bu yolda,\u00a0Malatya\u2019da hal\u0131, koltuk ve stor perde y\u0131kama hizmetleri\u00a0ile hijyenin adresi olmay\u0131 ba\u015fard\u0131k. Kuruldu\u011fumuz g\u00fcnden bu yana edindi\u011fimiz tecr\u00fcbe ve m\u00fc\u015fteri odakl\u0131 \u00e7al\u0131\u015fma anlay\u0131\u015f\u0131m\u0131zla, her ge\u00e7en g\u00fcn daha fazla eve temizlik ve ferahl\u0131k kat\u0131yoruz. Geli\u015fmi\u015f temizlik makinelerimiz, insan sa\u011fl\u0131\u011f\u0131na zarars\u0131z \u00f6zel temizlik \u00fcr\u00fcnlerimiz...\" \/>\n<meta property=\"og:url\" content=\"https:\/\/samanlihaliyikama.com\/index.php\/hakkimizda\/\" \/>\n<meta property=\"og:site_name\" content=\"Samanl\u0131 Hal\u0131 Y\u0131kama Malatya\" \/>\n<meta property=\"article:modified_time\" content=\"2025-07-14T07:09:23+00:00\" \/>\n<meta property=\"og:image\" content=\"http:\/\/samanlihaliyikama.com\/wp-content\/uploads\/2025\/07\/WhatsApp_Gorsel_2025-07-14_saat_10.03.33_61f450b3-removebg-preview-150x141.png\" \/>\n<meta name=\"twitter:card\" content=\"summary_large_image\" \/>\n<meta name=\"twitter:label1\" content=\"Tahmini okuma s\u00fcresi\" \/>\n\t<meta name=\"twitter:data1\" content=\"2 dakika\" \/>\n<script type=\"application\/ld+json\" class=\"yoast-schema-graph\">{\"@context\":\"https:\/\/schema.org\",\"@graph\":[{\"@type\":\"WebPage\",\"@id\":\"https:\/\/samanlihaliyikama.com\/index.php\/hakkimizda\/\",\"url\":\"https:\/\/samanlihaliyikama.com\/index.php\/hakkimizda\/\",\"name\":\"Hakk\u0131mz\u0131da - Samanl\u0131 Hal\u0131 Y\u0131kama Malatya\",\"isPartOf\":{\"@id\":\"https:\/\/samanlihaliyikama.com\/#website\"},\"primaryImageOfPage\":{\"@id\":\"https:\/\/samanlihaliyikama.com\/index.php\/hakkimizda\/#primaryimage\"},\"image\":{\"@id\":\"https:\/\/samanlihaliyikama.com\/index.php\/hakkimizda\/#primaryimage\"},\"thumbnailUrl\":\"http:\/\/samanlihaliyikama.com\/wp-content\/uploads\/2025\/07\/WhatsApp_Gorsel_2025-07-14_saat_10.03.33_61f450b3-removebg-preview-150x141.png\",\"datePublished\":\"2019-01-06T14:05:36+00:00\",\"dateModified\":\"2025-07-14T07:09:23+00:00\",\"breadcrumb\":{\"@id\":\"https:\/\/samanlihaliyikama.com\/index.php\/hakkimizda\/#breadcrumb\"},\"inLanguage\":\"tr\",\"potentialAction\":[{\"@type\":\"ReadAction\",\"target\":[\"https:\/\/samanlihaliyikama.com\/index.php\/hakkimizda\/\"]}]},{\"@type\":\"ImageObject\",\"inLanguage\":\"tr\",\"@id\":\"https:\/\/samanlihaliyikama.com\/index.php\/hakkimizda\/#primaryimage\",\"url\":\"http:\/\/samanlihaliyikama.com\/wp-content\/uploads\/2025\/07\/WhatsApp_Gorsel_2025-07-14_saat_10.03.33_61f450b3-removebg-preview-150x141.png\",\"contentUrl\":\"http:\/\/samanlihaliyikama.com\/wp-content\/uploads\/2025\/07\/WhatsApp_Gorsel_2025-07-14_saat_10.03.33_61f450b3-removebg-preview-150x141.png\"},{\"@type\":\"BreadcrumbList\",\"@id\":\"https:\/\/samanlihaliyikama.com\/index.php\/hakkimizda\/#breadcrumb\",\"itemListElement\":[{\"@type\":\"ListItem\",\"position\":1,\"name\":\"Anasayfa\",\"item\":\"https:\/\/samanlihaliyikama.com\/\"},{\"@type\":\"ListItem\",\"position\":2,\"name\":\"Hakk\u0131mz\u0131da\"}]},{\"@type\":\"WebSite\",\"@id\":\"https:\/\/samanlihaliyikama.com\/#website\",\"url\":\"https:\/\/samanlihaliyikama.com\/\",\"name\":\"Trend Hal\u0131 Y\u0131kama-Malatya Hal\u0131 ve Koltuk Y\u0131kama\",\"description\":\"Samanl\u0131 Hal\u0131 Y\u0131kama Malatya\",\"publisher\":{\"@id\":\"https:\/\/samanlihaliyikama.com\/#organization\"},\"potentialAction\":[{\"@type\":\"SearchAction\",\"target\":{\"@type\":\"EntryPoint\",\"urlTemplate\":\"https:\/\/samanlihaliyikama.com\/?s={search_term_string}\"},\"query-input\":{\"@type\":\"PropertyValueSpecification\",\"valueRequired\":true,\"valueName\":\"search_term_string\"}}],\"inLanguage\":\"tr\"},{\"@type\":\"Organization\",\"@id\":\"https:\/\/samanlihaliyikama.com\/#organization\",\"name\":\"Trend Hal\u0131 Y\u0131kama\",\"url\":\"https:\/\/samanlihaliyikama.com\/\",\"logo\":{\"@type\":\"ImageObject\",\"inLanguage\":\"tr\",\"@id\":\"https:\/\/samanlihaliyikama.com\/#\/schema\/logo\/image\/\",\"url\":\"https:\/\/samanlihaliyikama.com\/wp-content\/uploads\/2025\/07\/cropped-WhatsApp_Gorsel_2025-07-14_saat_10.03.33_61f450b3-removebg-preview-1.png\",\"contentUrl\":\"https:\/\/samanlihaliyikama.com\/wp-content\/uploads\/2025\/07\/cropped-WhatsApp_Gorsel_2025-07-14_saat_10.03.33_61f450b3-removebg-preview-1.png\",\"width\":423,\"height\":141,\"caption\":\"Trend Hal\u0131 Y\u0131kama\"},\"image\":{\"@id\":\"https:\/\/samanlihaliyikama.com\/#\/schema\/logo\/image\/\"}}]}<\/script>\n<!-- \/ Yoast SEO plugin. -->","yoast_head_json":{"title":"Hakk\u0131mz\u0131da - Samanl\u0131 Hal\u0131 Y\u0131kama Malatya","robots":{"index":"index","follow":"follow","max-snippet":"max-snippet:-1","max-image-preview":"max-image-preview:large","max-video-preview":"max-video-preview:-1"},"canonical":"https:\/\/samanlihaliyikama.com\/index.php\/hakkimizda\/","og_locale":"tr_TR","og_type":"article","og_title":"Hakk\u0131mz\u0131da - Samanl\u0131 Hal\u0131 Y\u0131kama Malatya","og_description":"Bizim Hakk\u0131m\u0131zda Hakk\u0131m\u0131zda Temizlikte kalite ve m\u00fc\u015fteri memnuniyetini \u00f6n planda tutarak \u00e7\u0131kt\u0131\u011f\u0131m\u0131z bu yolda,\u00a0Malatya\u2019da hal\u0131, koltuk ve stor perde y\u0131kama hizmetleri\u00a0ile hijyenin adresi olmay\u0131 ba\u015fard\u0131k. Kuruldu\u011fumuz g\u00fcnden bu yana edindi\u011fimiz tecr\u00fcbe ve m\u00fc\u015fteri odakl\u0131 \u00e7al\u0131\u015fma anlay\u0131\u015f\u0131m\u0131zla, her ge\u00e7en g\u00fcn daha fazla eve temizlik ve ferahl\u0131k kat\u0131yoruz. Geli\u015fmi\u015f temizlik makinelerimiz, insan sa\u011fl\u0131\u011f\u0131na zarars\u0131z \u00f6zel temizlik \u00fcr\u00fcnlerimiz...","og_url":"https:\/\/samanlihaliyikama.com\/index.php\/hakkimizda\/","og_site_name":"Samanl\u0131 Hal\u0131 Y\u0131kama Malatya","article_modified_time":"2025-07-14T07:09:23+00:00","og_image":[{"url":"http:\/\/samanlihaliyikama.com\/wp-content\/uploads\/2025\/07\/WhatsApp_Gorsel_2025-07-14_saat_10.03.33_61f450b3-removebg-preview-150x141.png","type":"","width":"","height":""}],"twitter_card":"summary_large_image","twitter_misc":{"Tahmini okuma s\u00fcresi":"2 dakika"},"schema":{"@context":"https:\/\/schema.org","@graph":[{"@type":"WebPage","@id":"https:\/\/samanlihaliyikama.com\/index.php\/hakkimizda\/","url":"https:\/\/samanlihaliyikama.com\/index.php\/hakkimizda\/","name":"Hakk\u0131mz\u0131da - Samanl\u0131 Hal\u0131 Y\u0131kama Malatya","isPartOf":{"@id":"https:\/\/samanlihaliyikama.com\/#website"},"primaryImageOfPage":{"@id":"https:\/\/samanlihaliyikama.com\/index.php\/hakkimizda\/#primaryimage"},"image":{"@id":"https:\/\/samanlihaliyikama.com\/index.php\/hakkimizda\/#primaryimage"},"thumbnailUrl":"http:\/\/samanlihaliyikama.com\/wp-content\/uploads\/2025\/07\/WhatsApp_Gorsel_2025-07-14_saat_10.03.33_61f450b3-removebg-preview-150x141.png","datePublished":"2019-01-06T14:05:36+00:00","dateModified":"2025-07-14T07:09:23+00:00","breadcrumb":{"@id":"https:\/\/samanlihaliyikama.com\/index.php\/hakkimizda\/#breadcrumb"},"inLanguage":"tr","potentialAction":[{"@type":"ReadAction","target":["https:\/\/samanlihaliyikama.com\/index.php\/hakkimizda\/"]}]},{"@type":"ImageObject","inLanguage":"tr","@id":"https:\/\/samanlihaliyikama.com\/index.php\/hakkimizda\/#primaryimage","url":"http:\/\/samanlihaliyikama.com\/wp-content\/uploads\/2025\/07\/WhatsApp_Gorsel_2025-07-14_saat_10.03.33_61f450b3-removebg-preview-150x141.png","contentUrl":"http:\/\/samanlihaliyikama.com\/wp-content\/uploads\/2025\/07\/WhatsApp_Gorsel_2025-07-14_saat_10.03.33_61f450b3-removebg-preview-150x141.png"},{"@type":"BreadcrumbList","@id":"https:\/\/samanlihaliyikama.com\/index.php\/hakkimizda\/#breadcrumb","itemListElement":[{"@type":"ListItem","position":1,"name":"Anasayfa","item":"https:\/\/samanlihaliyikama.com\/"},{"@type":"ListItem","position":2,"name":"Hakk\u0131mz\u0131da"}]},{"@type":"WebSite","@id":"https:\/\/samanlihaliyikama.com\/#website","url":"https:\/\/samanlihaliyikama.com\/","name":"Trend Hal\u0131 Y\u0131kama-Malatya Hal\u0131 ve Koltuk Y\u0131kama","description":"Samanl\u0131 Hal\u0131 Y\u0131kama Malatya","publisher":{"@id":"https:\/\/samanlihaliyikama.com\/#organization"},"potentialAction":[{"@type":"SearchAction","target":{"@type":"EntryPoint","urlTemplate":"https:\/\/samanlihaliyikama.com\/?s={search_term_string}"},"query-input":{"@type":"PropertyValueSpecification","valueRequired":true,"valueName":"search_term_string"}}],"inLanguage":"tr"},{"@type":"Organization","@id":"https:\/\/samanlihaliyikama.com\/#organization","name":"Trend Hal\u0131 Y\u0131kama","url":"https:\/\/samanlihaliyikama.com\/","logo":{"@type":"ImageObject","inLanguage":"tr","@id":"https:\/\/samanlihaliyikama.com\/#\/schema\/logo\/image\/","url":"https:\/\/samanlihaliyikama.com\/wp-content\/uploads\/2025\/07\/cropped-WhatsApp_Gorsel_2025-07-14_saat_10.03.33_61f450b3-removebg-preview-1.png","contentUrl":"https:\/\/samanlihaliyikama.com\/wp-content\/uploads\/2025\/07\/cropped-WhatsApp_Gorsel_2025-07-14_saat_10.03.33_61f450b3-removebg-preview-1.png","width":423,"height":141,"caption":"Trend Hal\u0131 Y\u0131kama"},"image":{"@id":"https:\/\/samanlihaliyikama.com\/#\/schema\/logo\/image\/"}}]}},"_links":{"self":[{"href":"https:\/\/samanlihaliyikama.com\/index.php\/wp-json\/wp\/v2\/pages\/307","targetHints":{"allow":["GET"]}}],"collection":[{"href":"https:\/\/samanlihaliyikama.com\/index.php\/wp-json\/wp\/v2\/pages"}],"about":[{"href":"https:\/\/samanlihaliyikama.com\/index.php\/wp-json\/wp\/v2\/types\/page"}],"author":[{"embeddable":true,"href":"https:\/\/samanlihaliyikama.com\/index.php\/wp-json\/wp\/v2\/users\/1"}],"replies":[{"embeddable":true,"href":"https:\/\/samanlihaliyikama.com\/index.php\/wp-json\/wp\/v2\/comments?post=307"}],"version-history":[{"count":0,"href":"https:\/\/samanlihaliyikama.com\/index.php\/wp-json\/wp\/v2\/pages\/307\/revisions"}],"wp:attachment":[{"href":"https:\/\/samanlihaliyikama.com\/index.php\/wp-json\/wp\/v2\/media?parent=307"}],"curies":[{"name":"wp","href":"https:\/\/api.w.org\/{rel}","templated":true}]}}